{"id":439,"date":"2025-11-05T09:09:29","date_gmt":"2025-11-05T08:09:29","guid":{"rendered":"https:\/\/www.ctalboraneventos.es\/?page_id=439"},"modified":"2026-02-04T11:00:48","modified_gmt":"2026-02-04T10:00:48","slug":"contacto","status":"publish","type":"page","link":"https:\/\/www.ctalboraneventos.es\/en\/contacto\/","title":{"rendered":"Contact"},"content":{"rendered":"<div data-elementor-type=\"wp-page\" data-elementor-id=\"439\" class=\"elementor elementor-439\" data-elementor-post-type=\"page\">\n\t\t\t\t\t\t<section class=\"elementor-section elementor-top-section elementor-element elementor-element-526b2e0a elementor-section-full_width elementor-section-height-min-height elementor-section-height-default elementor-section-items-middle elementor-invisible\" data-id=\"526b2e0a\" data-element_type=\"section\" data-e-type=\"section\" data-settings=\"{&quot;animation&quot;:&quot;fadeIn&quot;,&quot;background_background&quot;:&quot;classic&quot;}\">\n\t\t\t\t\t\t<div class=\"elementor-container elementor-column-gap-default\">\n\t\t\t\t\t<div class=\"elementor-column elementor-col-100 elementor-top-column elementor-element elementor-element-5e82d652\" data-id=\"5e82d652\" data-element_type=\"column\" data-e-type=\"column\">\n\t\t\t<div class=\"elementor-widget-wrap\">\n\t\t\t\t\t\t\t<\/div>\n\t\t<\/div>\n\t\t\t\t\t<\/div>\n\t\t<\/section>\n\t\t\t\t<section class=\"elementor-section elementor-top-section elementor-element elementor-element-7034b420 elementor-section-boxed elementor-section-height-default elementor-section-height-default\" data-id=\"7034b420\" data-element_type=\"section\" data-e-type=\"section\" data-settings=\"{&quot;background_background&quot;:&quot;classic&quot;}\">\n\t\t\t\t\t\t<div class=\"elementor-container elementor-column-gap-no\">\n\t\t\t\t\t<div class=\"elementor-column elementor-col-50 elementor-top-column elementor-element elementor-element-164d8be9\" data-id=\"164d8be9\" data-element_type=\"column\" data-e-type=\"column\" data-settings=\"{&quot;background_background&quot;:&quot;classic&quot;}\">\n\t\t\t<div class=\"elementor-widget-wrap elementor-element-populated\">\n\t\t\t\t\t\t<div class=\"elementor-element elementor-element-109404ed elementor-widget elementor-widget-heading\" data-id=\"109404ed\" data-element_type=\"widget\" data-e-type=\"widget\" data-widget_type=\"heading.default\">\n\t\t\t\t<div class=\"elementor-widget-container\">\n\t\t\t\t\t<h1 class=\"elementor-heading-title elementor-size-default\">Send a message<\/h1>\t\t\t\t<\/div>\n\t\t\t\t<\/div>\n\t\t\t\t<div class=\"elementor-element elementor-element-94c423a uael-cf7-btn-size-md uael-cf7-style-box uael-cf7-input-size-sm uael-cf7-button-left uael-cf7-highlight-style-default elementor-widget elementor-widget-uael-cf7-styler\" data-id=\"94c423a\" data-element_type=\"widget\" data-e-type=\"widget\" data-widget_type=\"uael-cf7-styler.default\">\n\t\t\t\t<div class=\"elementor-widget-container\">\n\t\t\t\t\t\t\t\t\t<div class = \"uael-cf7-container\">\n\t\t\t\t\t\t<div class = \"uael-cf7 uael-cf7-style elementor-clickable\">\n\t\t\t\t\t\t\n<div class=\"wpcf7 no-js\" id=\"wpcf7-f5-o1\" lang=\"es-ES\" dir=\"ltr\" data-wpcf7-id=\"5\">\n<div class=\"screen-reader-response\"><p role=\"status\" aria-live=\"polite\" aria-atomic=\"true\"><\/p> <ul><\/ul><\/div>\n<form action=\"\/en\/wp-json\/wp\/v2\/pages\/439#wpcf7-f5-o1\" method=\"post\" class=\"wpcf7-form init\" aria-label=\"Contact form\" novalidate=\"novalidate\" data-status=\"init\" data-trp-original-action=\"\/en\/wp-json\/wp\/v2\/pages\/439#wpcf7-f5-o1\">\n<fieldset class=\"hidden-fields-container\"><input type=\"hidden\" name=\"_wpcf7\" value=\"5\" \/><input type=\"hidden\" name=\"_wpcf7_version\" value=\"6.1.5\" \/><input type=\"hidden\" name=\"_wpcf7_locale\" value=\"es_ES\" \/><input type=\"hidden\" name=\"_wpcf7_unit_tag\" value=\"wpcf7-f5-o1\" \/><input type=\"hidden\" name=\"_wpcf7_container_post\" value=\"0\" \/><input type=\"hidden\" name=\"_wpcf7_posted_data_hash\" value=\"\" \/>\n<\/fieldset>\n<p><label for=\"your-name\">Your name<\/label>\n<\/p>\n<p><span class=\"wpcf7-form-control-wrap\" data-name=\"your-name\"><input size=\"40\" maxlength=\"400\" class=\"wpcf7-form-control wpcf7-text wpcf7-validates-as-required\" id=\"your-name\" aria-required=\"true\" aria-invalid=\"false\" value=\"\" type=\"text\" name=\"your-name\" \/><\/span>\n<\/p>\n<p><label for=\"your-email\">Your email address<\/label>\n<\/p>\n<p><span class=\"wpcf7-form-control-wrap\" data-name=\"your-email\"><input size=\"40\" maxlength=\"400\" class=\"wpcf7-form-control wpcf7-email wpcf7-validates-as-required wpcf7-text wpcf7-validates-as-email\" id=\"your-email\" aria-required=\"true\" aria-invalid=\"false\" value=\"\" type=\"email\" name=\"your-email\" \/><\/span>\n<\/p>\n<p><label for=\"your-subject\">Affair<\/label>\n<\/p>\n<p><span class=\"wpcf7-form-control-wrap\" data-name=\"your-subject\"><input size=\"40\" maxlength=\"400\" class=\"wpcf7-form-control wpcf7-text wpcf7-validates-as-required\" id=\"your-subject\" aria-required=\"true\" aria-invalid=\"false\" value=\"\" type=\"text\" name=\"your-subject\" \/><\/span>\n<\/p>\n<p><span id=\"email-campo-w\" class=\"wpcf7-form-control-wrap email-campo-wrap\" style=\"display:none !important; visibility:hidden !important;\"><label for=\"email-campo\" class=\"hp-message\">Please leave this field blank.<\/label><input id=\"email-campo\"  class=\"wpcf7-form-control wpcf7-text email-campo\" type=\"text\" name=\"email-campo\" value=\"\" size=\"40\" tabindex=\"-1\" autocomplete=\"new-password\" \/><\/span><span id=\"website-campo-w\" class=\"wpcf7-form-control-wrap website-campo-wrap\" style=\"display:none !important; visibility:hidden !important;\"><label for=\"website-campo\" class=\"hp-message\">Please leave this field blank.<\/label><input id=\"website-campo\"  class=\"wpcf7-form-control wpcf7-text website-campo\" type=\"text\" name=\"website-campo\" value=\"\" size=\"40\" tabindex=\"-1\" autocomplete=\"new-password\" \/><\/span>\n<\/p>\n<p><label for=\"your-message\">Your message<\/label>\n<\/p>\n<p><span class=\"wpcf7-form-control-wrap\" data-name=\"your-message\"><textarea cols=\"40\" rows=\"10\" maxlength=\"2000\" class=\"wpcf7-form-control wpcf7-textarea wpcf7-validates-as-required\" id=\"your-message\" aria-required=\"true\" aria-invalid=\"false\" name=\"your-message\"><\/textarea><\/span>\n<\/p>\n<p><span class=\"wpcf7-form-control-wrap\" data-name=\"acceptance-RGPD\"><span class=\"wpcf7-form-control wpcf7-acceptance\"><span class=\"wpcf7-list-item\"><label><input type=\"checkbox\" name=\"acceptance-RGPD\" value=\"1\" aria-invalid=\"false\" \/><span class=\"wpcf7-list-item-label\">I have read and agree to the <a href=\"..\/politica-de-privacidad\/\">Privacy Policy<\/a><\/span><\/label><\/span><\/span><\/span>\n<\/p>\n<p><input class=\"wpcf7-form-control wpcf7-submit has-spinner\" type=\"submit\" value=\"Send\" \/>\n<\/p>\n<div class=\"wpcf7-response-output\" aria-hidden=\"true\"><\/div>\n<input type=\"hidden\" name=\"trp-form-language\" value=\"en\"\/><\/form>\n<\/div>\n\t\t\t\t\t<\/div>\n\t\t\t\t<\/div>\n\t\t\t\t\t\t\t\t<\/div>\n\t\t\t\t<\/div>\n\t\t\t\t\t<\/div>\n\t\t<\/div>\n\t\t\t\t<div class=\"elementor-column elementor-col-50 elementor-top-column elementor-element elementor-element-58a87a0b\" data-id=\"58a87a0b\" data-element_type=\"column\" data-e-type=\"column\" data-settings=\"{&quot;background_background&quot;:&quot;classic&quot;}\">\n\t\t\t<div class=\"elementor-widget-wrap elementor-element-populated\">\n\t\t\t\t\t\t<div class=\"elementor-element elementor-element-3f0041c2 elementor-widget elementor-widget-heading\" data-id=\"3f0041c2\" data-element_type=\"widget\" data-e-type=\"widget\" data-widget_type=\"heading.default\">\n\t\t\t\t<div class=\"elementor-widget-container\">\n\t\t\t\t\t<h2 class=\"elementor-heading-title elementor-size-default\">Information<\/h2>\t\t\t\t<\/div>\n\t\t\t\t<\/div>\n\t\t\t\t<section class=\"elementor-section elementor-inner-section elementor-element elementor-element-6fc5bd1c elementor-section-boxed elementor-section-height-default elementor-section-height-default\" data-id=\"6fc5bd1c\" data-element_type=\"section\" data-e-type=\"section\">\n\t\t\t\t\t\t<div class=\"elementor-container elementor-column-gap-no\">\n\t\t\t\t\t<div class=\"elementor-column elementor-col-100 elementor-inner-column elementor-element elementor-element-4510d59e\" data-id=\"4510d59e\" data-element_type=\"column\" data-e-type=\"column\">\n\t\t\t<div class=\"elementor-widget-wrap elementor-element-populated\">\n\t\t\t\t\t\t<div class=\"elementor-element elementor-element-4d2f2e2c elementor-view-stacked elementor-position-inline-start elementor-shape-circle elementor-mobile-position-block-start elementor-widget elementor-widget-icon-box\" data-id=\"4d2f2e2c\" data-element_type=\"widget\" data-e-type=\"widget\" data-widget_type=\"icon-box.default\">\n\t\t\t\t<div class=\"elementor-widget-container\">\n\t\t\t\t\t\t\t<div class=\"elementor-icon-box-wrapper\">\n\n\t\t\t\t\t\t<div class=\"elementor-icon-box-icon\">\n\t\t\t\t<span  class=\"elementor-icon\">\n\t\t\t\t<i aria-hidden=\"true\" class=\"fas fa-map-marker-alt\"><\/i>\t\t\t\t<\/span>\n\t\t\t<\/div>\n\t\t\t\n\t\t\t\t\t\t<div class=\"elementor-icon-box-content\">\n\n\t\t\t\t\t\t\t\t\t<h3 class=\"elementor-icon-box-title\">\n\t\t\t\t\t\t<span  >\n\t\t\t\t\t\t\tWhere we are (headquarters)\t\t\t\t\t\t<\/span>\n\t\t\t\t\t<\/h3>\n\t\t\t\t\n\t\t\t\t\t\t\t\t\t<p class=\"elementor-icon-box-description\">\n\t\t\t\t\t\tAvda. Marqu\u00e9s de Corbera, 52 - 28017 Madrid\t\t\t\t\t<\/p>\n\t\t\t\t\n\t\t\t<\/div>\n\t\t\t\n\t\t<\/div>\n\t\t\t\t\t\t<\/div>\n\t\t\t\t<\/div>\n\t\t\t\t<div class=\"elementor-element elementor-element-566c4c12 elementor-view-stacked elementor-position-inline-start elementor-shape-circle elementor-mobile-position-block-start elementor-widget elementor-widget-icon-box\" data-id=\"566c4c12\" data-element_type=\"widget\" data-e-type=\"widget\" data-widget_type=\"icon-box.default\">\n\t\t\t\t<div class=\"elementor-widget-container\">\n\t\t\t\t\t\t\t<div class=\"elementor-icon-box-wrapper\">\n\n\t\t\t\t\t\t<div class=\"elementor-icon-box-icon\">\n\t\t\t\t<span  class=\"elementor-icon\">\n\t\t\t\t<i aria-hidden=\"true\" class=\"fas fa-envelope\"><\/i>\t\t\t\t<\/span>\n\t\t\t<\/div>\n\t\t\t\n\t\t\t\t\t\t<div class=\"elementor-icon-box-content\">\n\n\t\t\t\t\t\t\t\t\t<h3 class=\"elementor-icon-box-title\">\n\t\t\t\t\t\t<span  >\n\t\t\t\t\t\t\tE-mail\t\t\t\t\t\t<\/span>\n\t\t\t\t\t<\/h3>\n\t\t\t\t\n\t\t\t\t\t\t\t\t\t<p class=\"elementor-icon-box-description\">\n\t\t\t\t\t\tGENERAL CLUB MAIL: <a href=\"mailto:clubdetenisalboran@gmail.com\">clubdetenisalboran@gmail.com<\/a>\n<br><br>ADMINISTRATIVE DEPARTMENT: <a href=\"mailto:ctalboran.admon@gmail.com\">ctalboran.admon@gmail.com<\/a>\n<br><br>TECHNICAL MANAGEMENT: <a href=\"mailto:ctalboran.admon@gmail.com\">ctalboran.direcciontecnica@gmail.com<\/a>\n<br><br>COMMUNICATIONS DEPARTMENT: <a href=\"mailto:ctalboran.admon@gmail.com\">comunicacionalboran@gmail.com<\/a>\t\t\t\t\t<\/p>\n\t\t\t\t\n\t\t\t<\/div>\n\t\t\t\n\t\t<\/div>\n\t\t\t\t\t\t<\/div>\n\t\t\t\t<\/div>\n\t\t\t\t<div class=\"elementor-element elementor-element-48af8ee8 elementor-view-stacked elementor-position-inline-start elementor-hidden-desktop elementor-hidden-tablet elementor-hidden-mobile elementor-shape-circle elementor-mobile-position-block-start elementor-widget elementor-widget-icon-box\" data-id=\"48af8ee8\" data-element_type=\"widget\" data-e-type=\"widget\" data-widget_type=\"icon-box.default\">\n\t\t\t\t<div class=\"elementor-widget-container\">\n\t\t\t\t\t\t\t<div class=\"elementor-icon-box-wrapper\">\n\n\t\t\t\t\t\t<div class=\"elementor-icon-box-icon\">\n\t\t\t\t<span  class=\"elementor-icon\">\n\t\t\t\t<i aria-hidden=\"true\" class=\"fas fa-phone\"><\/i>\t\t\t\t<\/span>\n\t\t\t<\/div>\n\t\t\t\n\t\t\t\t\t\t<div class=\"elementor-icon-box-content\">\n\n\t\t\t\t\t\t\t\t\t<h3 class=\"elementor-icon-box-title\">\n\t\t\t\t\t\t<span  >\n\t\t\t\t\t\t\tPhone\t\t\t\t\t\t<\/span>\n\t\t\t\t\t<\/h3>\n\t\t\t\t\n\t\t\t\t\t\t\t\t\t<p class=\"elementor-icon-box-description\">\n\t\t\t\t\t\t679 570 601\t\t\t\t\t<\/p>\n\t\t\t\t\n\t\t\t<\/div>\n\t\t\t\n\t\t<\/div>\n\t\t\t\t\t\t<\/div>\n\t\t\t\t<\/div>\n\t\t\t\t\t<\/div>\n\t\t<\/div>\n\t\t\t\t\t<\/div>\n\t\t<\/section>\n\t\t\t\t<div class=\"elementor-element elementor-element-209fcd5c elementor-widget elementor-widget-theme-site-logo elementor-widget-image\" data-id=\"209fcd5c\" data-element_type=\"widget\" data-e-type=\"widget\" data-widget_type=\"theme-site-logo.default\">\n\t\t\t\t<div class=\"elementor-widget-container\">\n\t\t\t\t\t\t\t\t\t\t\t<a href=\"https:\/\/www.ctalboraneventos.es\/en\">\n\t\t\t<img fetchpriority=\"high\" decoding=\"async\" width=\"665\" height=\"375\" src=\"https:\/\/www.ctalboraneventos.es\/wp-content\/uploads\/2025\/11\/25-aniversario-logo-transparente-fcf1bc8f2a0b2c7dd8b9f173cc6d7a1b.png\" class=\"attachment-full size-full wp-image-467\" alt=\"Albor\u00e1n Tennis Club\" srcset=\"https:\/\/www.ctalboraneventos.es\/wp-content\/uploads\/2025\/11\/25-aniversario-logo-transparente-fcf1bc8f2a0b2c7dd8b9f173cc6d7a1b.png 665w, https:\/\/www.ctalboraneventos.es\/wp-content\/uploads\/2025\/11\/25-aniversario-logo-transparente-fcf1bc8f2a0b2c7dd8b9f173cc6d7a1b-300x169.png 300w, https:\/\/www.ctalboraneventos.es\/wp-content\/uploads\/2025\/11\/25-aniversario-logo-transparente-fcf1bc8f2a0b2c7dd8b9f173cc6d7a1b-18x10.png 18w\" sizes=\"(max-width: 665px) 100vw, 665px\" \/>\t\t\t\t<\/a>\n\t\t\t\t\t\t\t\t\t\t\t<\/div>\n\t\t\t\t<\/div>\n\t\t\t\t\t<\/div>\n\t\t<\/div>\n\t\t\t\t\t<\/div>\n\t\t<\/section>\n\t\t\t\t<\/div>","protected":false},"excerpt":{"rendered":"<p>Env\u00eda un mensaje Tu nombre Tu correo electr\u00f3nico Asunto Por favor, deja este campo vac\u00edo.Por favor, deja este campo vac\u00edo. Tu mensaje He le\u00eddo y acepto la pol\u00edtica de privacidad Informaci\u00f3n D\u00f3nde estamos (sede social) Email CORREO GENERAL DEL CLUB: clubdetenisalboran@gmail.com DIRECCION ADMINISTRATIVA: ctalboran.admon@gmail.com DIRECCION TECNICA: ctalboran.direcciontecnica@gmail.com DIRECCION DE COMUNICACI\u00d3N: comunicacionalboran@gmail.com Tel\u00e9fono<\/p>","protected":false},"author":1,"featured_media":0,"parent":0,"menu_order":6,"comment_status":"closed","ping_status":"closed","template":"","meta":{"_joinchat":[],"footnotes":""},"class_list":["post-439","page","type-page","status-publish","hentry"],"yoast_head":"<!-- This site is optimized with the Yoast SEO plugin v27.4 - https:\/\/yoast.com\/product\/yoast-seo-wordpress\/ -->\n<title>Contacto - 25 ANIVERSARIO CLUB DE TENIS ALBORAN<\/title>\n<meta name=\"description\" content=\"Contacta con el Club de Tenis Albor\u00e1n para m\u00e1s informaci\u00f3n sobre el 25 aniversario, actividades y colaboraciones en Madrid.\" \/>\n<meta name=\"robots\" content=\"index, follow, max-snippet:-1, max-image-preview:large, max-video-preview:-1\" \/>\n<link rel=\"canonical\" href=\"https:\/\/www.ctalboraneventos.es\/en\/contacto\/\" \/>\n<meta property=\"og:locale\" content=\"en_US\" \/>\n<meta property=\"og:type\" content=\"article\" \/>\n<meta property=\"og:title\" content=\"Contacto - 25 ANIVERSARIO CLUB DE TENIS ALBORAN\" \/>\n<meta property=\"og:description\" content=\"Contacta con el Club de Tenis Albor\u00e1n para m\u00e1s informaci\u00f3n sobre el 25 aniversario, actividades y colaboraciones en Madrid.\" \/>\n<meta property=\"og:url\" content=\"https:\/\/www.ctalboraneventos.es\/en\/contacto\/\" \/>\n<meta property=\"og:site_name\" content=\"25 ANIVERSARIO CLUB DE TENIS ALBORAN\" \/>\n<meta property=\"article:publisher\" content=\"https:\/\/www.facebook.com\/clubtenisalboran\" \/>\n<meta property=\"article:modified_time\" content=\"2026-02-04T10:00:48+00:00\" \/>\n<meta name=\"twitter:card\" content=\"summary_large_image\" \/>\n<script type=\"application\/ld+json\" class=\"yoast-schema-graph\">{\"@context\":\"https:\\\/\\\/schema.org\",\"@graph\":[{\"@type\":\"WebPage\",\"@id\":\"https:\\\/\\\/www.ctalboraneventos.es\\\/contacto\\\/\",\"url\":\"https:\\\/\\\/www.ctalboraneventos.es\\\/contacto\\\/\",\"name\":\"Contacto - 25 ANIVERSARIO CLUB DE TENIS ALBORAN\",\"isPartOf\":{\"@id\":\"https:\\\/\\\/www.ctalboraneventos.es\\\/#website\"},\"datePublished\":\"2025-11-05T08:09:29+00:00\",\"dateModified\":\"2026-02-04T10:00:48+00:00\",\"description\":\"Contacta con el Club de Tenis Albor\u00e1n para m\u00e1s informaci\u00f3n sobre el 25 aniversario, actividades y colaboraciones en Madrid.\",\"breadcrumb\":{\"@id\":\"https:\\\/\\\/www.ctalboraneventos.es\\\/contacto\\\/#breadcrumb\"},\"inLanguage\":\"en-US\",\"potentialAction\":[{\"@type\":\"ReadAction\",\"target\":[\"https:\\\/\\\/www.ctalboraneventos.es\\\/contacto\\\/\"]}]},{\"@type\":\"BreadcrumbList\",\"@id\":\"https:\\\/\\\/www.ctalboraneventos.es\\\/contacto\\\/#breadcrumb\",\"itemListElement\":[{\"@type\":\"ListItem\",\"position\":1,\"name\":\"Inicio\",\"item\":\"https:\\\/\\\/www.ctalboraneventos.es\\\/\"},{\"@type\":\"ListItem\",\"position\":2,\"name\":\"Contacto\"}]},{\"@type\":\"WebSite\",\"@id\":\"https:\\\/\\\/www.ctalboraneventos.es\\\/#website\",\"url\":\"https:\\\/\\\/www.ctalboraneventos.es\\\/\",\"name\":\"25 ANIVERSARIO CLUB DE TENIS ALBORAN\",\"description\":\"celebracion, aniversario, club de tenis Albor\u00e1n.\",\"publisher\":{\"@id\":\"https:\\\/\\\/www.ctalboraneventos.es\\\/#organization\"},\"potentialAction\":[{\"@type\":\"SearchAction\",\"target\":{\"@type\":\"EntryPoint\",\"urlTemplate\":\"https:\\\/\\\/www.ctalboraneventos.es\\\/?s={search_term_string}\"},\"query-input\":{\"@type\":\"PropertyValueSpecification\",\"valueRequired\":true,\"valueName\":\"search_term_string\"}}],\"inLanguage\":\"en-US\"},{\"@type\":\"Organization\",\"@id\":\"https:\\\/\\\/www.ctalboraneventos.es\\\/#organization\",\"name\":\"25 ANIVERSARIO CLUB DE TENIS ALBORAN\",\"url\":\"https:\\\/\\\/www.ctalboraneventos.es\\\/\",\"logo\":{\"@type\":\"ImageObject\",\"inLanguage\":\"en-US\",\"@id\":\"https:\\\/\\\/www.ctalboraneventos.es\\\/#\\\/schema\\\/logo\\\/image\\\/\",\"url\":\"https:\\\/\\\/www.ctalboraneventos.es\\\/wp-content\\\/uploads\\\/2025\\\/11\\\/25-aniversario-logo-transparente-fcf1bc8f2a0b2c7dd8b9f173cc6d7a1b.png\",\"contentUrl\":\"https:\\\/\\\/www.ctalboraneventos.es\\\/wp-content\\\/uploads\\\/2025\\\/11\\\/25-aniversario-logo-transparente-fcf1bc8f2a0b2c7dd8b9f173cc6d7a1b.png\",\"width\":665,\"height\":375,\"caption\":\"25 ANIVERSARIO CLUB DE TENIS ALBORAN\"},\"image\":{\"@id\":\"https:\\\/\\\/www.ctalboraneventos.es\\\/#\\\/schema\\\/logo\\\/image\\\/\"},\"sameAs\":[\"https:\\\/\\\/www.facebook.com\\\/clubtenisalboran\",\"https:\\\/\\\/www.instagram.com\\\/ctalboran\\\/\"]}]}<\/script>\n<!-- \/ Yoast SEO plugin. -->","yoast_head_json":{"title":"Contact - 25th Anniversary Alboran Tennis Club","description":"Contact the Albor\u00e1n Tennis Club for more information about the 25th anniversary, activities and collaborations in Madrid.","robots":{"index":"index","follow":"follow","max-snippet":"max-snippet:-1","max-image-preview":"max-image-preview:large","max-video-preview":"max-video-preview:-1"},"canonical":"https:\/\/www.ctalboraneventos.es\/en\/contacto\/","og_locale":"en_US","og_type":"article","og_title":"Contacto - 25 ANIVERSARIO CLUB DE TENIS ALBORAN","og_description":"Contacta con el Club de Tenis Albor\u00e1n para m\u00e1s informaci\u00f3n sobre el 25 aniversario, actividades y colaboraciones en Madrid.","og_url":"https:\/\/www.ctalboraneventos.es\/en\/contacto\/","og_site_name":"25 ANIVERSARIO CLUB DE TENIS ALBORAN","article_publisher":"https:\/\/www.facebook.com\/clubtenisalboran","article_modified_time":"2026-02-04T10:00:48+00:00","twitter_card":"summary_large_image","schema":{"@context":"https:\/\/schema.org","@graph":[{"@type":"WebPage","@id":"https:\/\/www.ctalboraneventos.es\/contacto\/","url":"https:\/\/www.ctalboraneventos.es\/contacto\/","name":"Contact - 25th Anniversary Alboran Tennis Club","isPartOf":{"@id":"https:\/\/www.ctalboraneventos.es\/#website"},"datePublished":"2025-11-05T08:09:29+00:00","dateModified":"2026-02-04T10:00:48+00:00","description":"Contact the Albor\u00e1n Tennis Club for more information about the 25th anniversary, activities and collaborations in Madrid.","breadcrumb":{"@id":"https:\/\/www.ctalboraneventos.es\/contacto\/#breadcrumb"},"inLanguage":"en-US","potentialAction":[{"@type":"ReadAction","target":["https:\/\/www.ctalboraneventos.es\/contacto\/"]}]},{"@type":"BreadcrumbList","@id":"https:\/\/www.ctalboraneventos.es\/contacto\/#breadcrumb","itemListElement":[{"@type":"ListItem","position":1,"name":"Inicio","item":"https:\/\/www.ctalboraneventos.es\/"},{"@type":"ListItem","position":2,"name":"Contacto"}]},{"@type":"WebSite","@id":"https:\/\/www.ctalboraneventos.es\/#website","url":"https:\/\/www.ctalboraneventos.es\/","name":"25th Anniversary of the Alboran Tennis Club","description":"celebration, anniversary, Albor\u00e1n tennis club.","publisher":{"@id":"https:\/\/www.ctalboraneventos.es\/#organization"},"potentialAction":[{"@type":"SearchAction","target":{"@type":"EntryPoint","urlTemplate":"https:\/\/www.ctalboraneventos.es\/?s={search_term_string}"},"query-input":{"@type":"PropertyValueSpecification","valueRequired":true,"valueName":"search_term_string"}}],"inLanguage":"en-US"},{"@type":"Organization","@id":"https:\/\/www.ctalboraneventos.es\/#organization","name":"25th Anniversary of the Alboran Tennis Club","url":"https:\/\/www.ctalboraneventos.es\/","logo":{"@type":"ImageObject","inLanguage":"en-US","@id":"https:\/\/www.ctalboraneventos.es\/#\/schema\/logo\/image\/","url":"https:\/\/www.ctalboraneventos.es\/wp-content\/uploads\/2025\/11\/25-aniversario-logo-transparente-fcf1bc8f2a0b2c7dd8b9f173cc6d7a1b.png","contentUrl":"https:\/\/www.ctalboraneventos.es\/wp-content\/uploads\/2025\/11\/25-aniversario-logo-transparente-fcf1bc8f2a0b2c7dd8b9f173cc6d7a1b.png","width":665,"height":375,"caption":"25 ANIVERSARIO CLUB DE TENIS ALBORAN"},"image":{"@id":"https:\/\/www.ctalboraneventos.es\/#\/schema\/logo\/image\/"},"sameAs":["https:\/\/www.facebook.com\/clubtenisalboran","https:\/\/www.instagram.com\/ctalboran\/"]}]}},"_links":{"self":[{"href":"https:\/\/www.ctalboraneventos.es\/en\/wp-json\/wp\/v2\/pages\/439","targetHints":{"allow":["GET"]}}],"collection":[{"href":"https:\/\/www.ctalboraneventos.es\/en\/wp-json\/wp\/v2\/pages"}],"about":[{"href":"https:\/\/www.ctalboraneventos.es\/en\/wp-json\/wp\/v2\/types\/page"}],"author":[{"embeddable":true,"href":"https:\/\/www.ctalboraneventos.es\/en\/wp-json\/wp\/v2\/users\/1"}],"replies":[{"embeddable":true,"href":"https:\/\/www.ctalboraneventos.es\/en\/wp-json\/wp\/v2\/comments?post=439"}],"version-history":[{"count":26,"href":"https:\/\/www.ctalboraneventos.es\/en\/wp-json\/wp\/v2\/pages\/439\/revisions"}],"predecessor-version":[{"id":845,"href":"https:\/\/www.ctalboraneventos.es\/en\/wp-json\/wp\/v2\/pages\/439\/revisions\/845"}],"wp:attachment":[{"href":"https:\/\/www.ctalboraneventos.es\/en\/wp-json\/wp\/v2\/media?parent=439"}],"curies":[{"name":"wp","href":"https:\/\/api.w.org\/{rel}","templated":true}]}}