{"id":427,"date":"2025-11-05T09:05:47","date_gmt":"2025-11-05T08:05:47","guid":{"rendered":"https:\/\/www.ctalboraneventos.es\/?page_id=427"},"modified":"2026-03-14T10:05:22","modified_gmt":"2026-03-14T09:05:22","slug":"actividades","status":"publish","type":"page","link":"https:\/\/www.ctalboraneventos.es\/en\/actividades\/","title":{"rendered":"Activities"},"content":{"rendered":"<div data-elementor-type=\"wp-page\" data-elementor-id=\"427\" class=\"elementor elementor-427\" data-elementor-post-type=\"page\">\n\t\t\t\t\t\t<section class=\"elementor-section elementor-top-section elementor-element elementor-element-2f1c759b elementor-reverse-mobile elementor-section-boxed elementor-section-height-default elementor-section-height-default elementor-invisible\" data-id=\"2f1c759b\" data-element_type=\"section\" data-e-type=\"section\" data-settings=\"{&quot;background_background&quot;:&quot;classic&quot;,&quot;animation&quot;:&quot;fadeIn&quot;}\">\n\t\t\t\t\t\t\t<div class=\"elementor-background-overlay\"><\/div>\n\t\t\t\t\t\t\t<div class=\"elementor-container elementor-column-gap-default\">\n\t\t\t\t\t<div class=\"elementor-column elementor-col-100 elementor-top-column elementor-element elementor-element-55e5d6d2\" data-id=\"55e5d6d2\" data-element_type=\"column\" data-e-type=\"column\">\n\t\t\t<div class=\"elementor-widget-wrap elementor-element-populated\">\n\t\t\t\t\t\t<div class=\"elementor-element elementor-element-16886824 elementor-invisible elementor-widget elementor-widget-heading\" data-id=\"16886824\" data-element_type=\"widget\" data-e-type=\"widget\" data-settings=\"{&quot;_animation&quot;:&quot;fadeInUp&quot;}\" data-widget_type=\"heading.default\">\n\t\t\t\t<div class=\"elementor-widget-container\">\n\t\t\t\t\t<h1 class=\"elementor-heading-title elementor-size-default\">Activities<\/h1>\t\t\t\t<\/div>\n\t\t\t\t<\/div>\n\t\t\t\t\t<\/div>\n\t\t<\/div>\n\t\t\t\t\t<\/div>\n\t\t<\/section>\n\t\t\t\t<section class=\"elementor-section elementor-top-section elementor-element elementor-element-7765025 elementor-section-boxed elementor-section-height-default elementor-section-height-default\" data-id=\"7765025\" data-element_type=\"section\" data-e-type=\"section\">\n\t\t\t\t\t\t<div class=\"elementor-container elementor-column-gap-default\">\n\t\t\t\t\t<div class=\"elementor-column elementor-col-100 elementor-top-column elementor-element elementor-element-7f8e76c\" data-id=\"7f8e76c\" data-element_type=\"column\" data-e-type=\"column\">\n\t\t\t<div class=\"elementor-widget-wrap elementor-element-populated\">\n\t\t\t\t\t\t<div class=\"elementor-element elementor-element-d9626a2 elementor-invisible elementor-widget elementor-widget-heading\" data-id=\"d9626a2\" data-element_type=\"widget\" data-e-type=\"widget\" data-settings=\"{&quot;_animation&quot;:&quot;fadeInUp&quot;}\" data-widget_type=\"heading.default\">\n\t\t\t\t<div class=\"elementor-widget-container\">\n\t\t\t\t\t<h2 class=\"elementor-heading-title elementor-size-default\">Ongoing tournaments<\/h2>\t\t\t\t<\/div>\n\t\t\t\t<\/div>\n\t\t\t\t<div class=\"elementor-element elementor-element-c470049 elementor-invisible elementor-widget elementor-widget-elementskit-blog-posts\" data-id=\"c470049\" data-element_type=\"widget\" data-e-type=\"widget\" data-settings=\"{&quot;_animation&quot;:&quot;fadeInUp&quot;}\" data-widget_type=\"elementskit-blog-posts.default\">\n\t\t\t\t<div class=\"elementor-widget-container\">\n\t\t\t\t\t<div class=\"ekit-wid-con\" >        <div id=\"post-items--c470049\" class=\"row post-items\">\n                    <div class=\"col-lg-4 col-md-6\">\n\n                                    <div class=\"elementskit-post-image-card\">\n                        <div class=\"elementskit-entry-header\">\n                                                            <a href=\"https:\/\/www.ctalboraneventos.es\/en\/concurso-de-pintura-25o-aniversario-c-t-alboran\/\" class=\"elementskit-entry-thumb\">\n                                    <img decoding=\"async\" src=\"https:\/\/www.ctalboraneventos.es\/wp-content\/uploads\/2026\/03\/concurso_de_pintura.jpeg\" alt=\"PAINTING COMPETITION \u2013 25TH ANNIVERSARY CT ALBOR\u00c1N\">\n                                <\/a><!-- .elementskit-entry-thumb END -->\n                                                            \n                                                            <div class=\"elementskit-meta-categories\">\n                                    <span class=\"elementskit-meta-wraper\">\n                                        <span><a href=\"https:\/\/www.ctalboraneventos.es\/en\/secciones\/torneos-en-curso\/\" rel=\"category tag\">Ongoing tournaments<\/a><\/span>\n                                    <\/span>\n                                <\/div>\n                            \n\t\t\t\t\t\t\t\t\t\t\t\t\t<\/div><!-- .elementskit-entry-header END -->\n\n\t\t\t\t\t\t<div class=\"elementskit-post-body\">\n\t\t\t\t\t\t\t\n\t\t\t\t\t\t\t\t\t\t\t\t\t\t\t\t\t\t\t\t\t\t\t\t\t\n\t\t\t\t\t\t\t\t\n\t\t\t\t\t\t\t\t\t\t\t\t\t\t\t\t\t\t\t\t\t<h2 class=\"entry-title\">\n\t\t\t\t\t<a href=\"https:\/\/www.ctalboraneventos.es\/en\/concurso-de-pintura-25o-aniversario-c-t-alboran\/\">\n\t\t\t\t\t\tPAINTING COMPETITION \u2013 25TH ANNIVERSARY CT ALBOR\u00c1N\t\t\t\t\t<\/a>\n\t\t\t\t<\/h2>\n\t\t\t\t\t\t\t\t\t\t\t\t\t\t\t\t\t\t\t\t\t\t\t\t\t\t\t\t\t\t\t\t                                                    <\/div><!-- .elementskit-post-body END -->\n                    <\/div>\n                \n            <\/div>\n                <\/div>\n       <\/div>\t\t\t\t<\/div>\n\t\t\t\t<\/div>\n\t\t\t\t\t<\/div>\n\t\t<\/div>\n\t\t\t\t\t<\/div>\n\t\t<\/section>\n\t\t\t\t<section class=\"elementor-section elementor-top-section elementor-element elementor-element-45af245d elementor-section-boxed elementor-section-height-default elementor-section-height-default\" data-id=\"45af245d\" data-element_type=\"section\" data-e-type=\"section\">\n\t\t\t\t\t\t<div class=\"elementor-container elementor-column-gap-default\">\n\t\t\t\t\t<div class=\"elementor-column elementor-col-100 elementor-top-column elementor-element elementor-element-3600ca7\" data-id=\"3600ca7\" data-element_type=\"column\" data-e-type=\"column\">\n\t\t\t<div class=\"elementor-widget-wrap elementor-element-populated\">\n\t\t\t\t\t\t<div class=\"elementor-element elementor-element-6ee824a elementor-invisible elementor-widget elementor-widget-heading\" data-id=\"6ee824a\" data-element_type=\"widget\" data-e-type=\"widget\" data-settings=\"{&quot;_animation&quot;:&quot;fadeInUp&quot;}\" data-widget_type=\"heading.default\">\n\t\t\t\t<div class=\"elementor-widget-container\">\n\t\t\t\t\t<h2 class=\"elementor-heading-title elementor-size-default\">Upcoming tournaments<\/h2>\t\t\t\t<\/div>\n\t\t\t\t<\/div>\n\t\t\t\t<div class=\"elementor-element elementor-element-aceb7c1 elementor-invisible elementor-widget elementor-widget-elementskit-blog-posts\" data-id=\"aceb7c1\" data-element_type=\"widget\" data-e-type=\"widget\" data-settings=\"{&quot;_animation&quot;:&quot;fadeInUp&quot;}\" data-widget_type=\"elementskit-blog-posts.default\">\n\t\t\t\t<div class=\"elementor-widget-container\">\n\t\t\t\t\t<div class=\"ekit-wid-con\" >        <div id=\"post-items--aceb7c1\" class=\"row post-items\">\n                    <div class=\"col-lg-4 col-md-6\">\n\n                                    <div class=\"elementskit-post-image-card\">\n                        <div class=\"elementskit-entry-header\">\n                                                            <a href=\"https:\/\/www.ctalboraneventos.es\/en\/iii-torneo-vintage\/\" class=\"elementskit-entry-thumb\">\n                                    <img decoding=\"async\" src=\"https:\/\/www.ctalboraneventos.es\/wp-content\/uploads\/2026\/02\/4_-_III_TORNEO_VINTAGE_XVII_ANIVERSARIOjpg-scaled.jpeg\" alt=\"III Vintage Tournament\">\n                                <\/a><!-- .elementskit-entry-thumb END -->\n                                                            \n                                                            <div class=\"elementskit-meta-categories\">\n                                    <span class=\"elementskit-meta-wraper\">\n                                        <span><a href=\"https:\/\/www.ctalboraneventos.es\/en\/secciones\/proximos-actuales\/\" rel=\"category tag\">Upcoming tournaments<\/a><\/span>\n                                    <\/span>\n                                <\/div>\n                            \n\t\t\t\t\t\t\t\t\t\t\t\t\t<\/div><!-- .elementskit-entry-header END -->\n\n\t\t\t\t\t\t<div class=\"elementskit-post-body\">\n\t\t\t\t\t\t\t\n\t\t\t\t\t\t\t\t\t\t\t\t\t\t\t\t\t\t\t\t\t\t\t\t\t\n\t\t\t\t\t\t\t\t\n\t\t\t\t\t\t\t\t\t\t\t\t\t\t\t\t\t\t\t\t\t<h2 class=\"entry-title\">\n\t\t\t\t\t<a href=\"https:\/\/www.ctalboraneventos.es\/en\/iii-torneo-vintage\/\">\n\t\t\t\t\t\tIII Vintage Tournament\t\t\t\t\t<\/a>\n\t\t\t\t<\/h2>\n\t\t\t\t\t\t\t\t\t\t\t\t\t\t\t\t\t\t\t\t\t\t\t\t\t\t\t\t\t\t\t\t                                                    <\/div><!-- .elementskit-post-body END -->\n                    <\/div>\n                \n            <\/div>\n                    <div class=\"col-lg-4 col-md-6\">\n\n                                    <div class=\"elementskit-post-image-card\">\n                        <div class=\"elementskit-entry-header\">\n                                                            <a href=\"https:\/\/www.ctalboraneventos.es\/en\/torneo-trial-25-aniversario\/\" class=\"elementskit-entry-thumb\">\n                                    <img decoding=\"async\" src=\"https:\/\/www.ctalboraneventos.es\/wp-content\/uploads\/2025\/12\/1_-_Cartel_Torneo_25_aniversario_en_JPG.jpeg\" alt=\"25th Anniversary Trial Tournament\">\n                                <\/a><!-- .elementskit-entry-thumb END -->\n                                                            \n                                                            <div class=\"elementskit-meta-categories\">\n                                    <span class=\"elementskit-meta-wraper\">\n                                        <span><a href=\"https:\/\/www.ctalboraneventos.es\/en\/secciones\/proximos-actuales\/\" rel=\"category tag\">Upcoming tournaments<\/a><\/span>\n                                    <\/span>\n                                <\/div>\n                            \n\t\t\t\t\t\t\t\t\t\t\t\t\t<\/div><!-- .elementskit-entry-header END -->\n\n\t\t\t\t\t\t<div class=\"elementskit-post-body\">\n\t\t\t\t\t\t\t\n\t\t\t\t\t\t\t\t\t\t\t\t\t\t\t\t\t\t\t\t\t\t\t\t\t\n\t\t\t\t\t\t\t\t\n\t\t\t\t\t\t\t\t\t\t\t\t\t\t\t\t\t\t\t\t\t<h2 class=\"entry-title\">\n\t\t\t\t\t<a href=\"https:\/\/www.ctalboraneventos.es\/en\/torneo-trial-25-aniversario\/\">\n\t\t\t\t\t\t25th Anniversary Trial Tournament\t\t\t\t\t<\/a>\n\t\t\t\t<\/h2>\n\t\t\t\t\t\t\t\t\t\t\t\t\t\t\t\t\t\t\t\t\t\t\t\t\t\t\t\t\t\t\t\t                                                    <\/div><!-- .elementskit-post-body END -->\n                    <\/div>\n                \n            <\/div>\n                <\/div>\n       <\/div>\t\t\t\t<\/div>\n\t\t\t\t<\/div>\n\t\t\t\t\t<\/div>\n\t\t<\/div>\n\t\t\t\t\t<\/div>\n\t\t<\/section>\n\t\t\t\t<section class=\"elementor-section elementor-top-section elementor-element elementor-element-857bf2d elementor-section-boxed elementor-section-height-default elementor-section-height-default\" data-id=\"857bf2d\" data-element_type=\"section\" data-e-type=\"section\">\n\t\t\t\t\t\t<div class=\"elementor-container elementor-column-gap-default\">\n\t\t\t\t\t<div class=\"elementor-column elementor-col-100 elementor-top-column elementor-element elementor-element-ee69dc9\" data-id=\"ee69dc9\" data-element_type=\"column\" data-e-type=\"column\">\n\t\t\t<div class=\"elementor-widget-wrap elementor-element-populated\">\n\t\t\t\t\t\t<div class=\"elementor-element elementor-element-ddb6e74 elementor-invisible elementor-widget elementor-widget-heading\" data-id=\"ddb6e74\" data-element_type=\"widget\" data-e-type=\"widget\" data-settings=\"{&quot;_animation&quot;:&quot;fadeInUp&quot;}\" data-widget_type=\"heading.default\">\n\t\t\t\t<div class=\"elementor-widget-container\">\n\t\t\t\t\t<h2 class=\"elementor-heading-title elementor-size-default\">Completed Tournaments<\/h2>\t\t\t\t<\/div>\n\t\t\t\t<\/div>\n\t\t\t\t<div class=\"elementor-element elementor-element-671e32e elementor-invisible elementor-widget elementor-widget-elementskit-blog-posts\" data-id=\"671e32e\" data-element_type=\"widget\" data-e-type=\"widget\" data-settings=\"{&quot;_animation&quot;:&quot;fadeInUp&quot;}\" data-widget_type=\"elementskit-blog-posts.default\">\n\t\t\t\t<div class=\"elementor-widget-container\">\n\t\t\t\t\t<div class=\"ekit-wid-con\" >        <div id=\"post-items--671e32e\" class=\"row post-items\">\n                    <div class=\"col-lg-4 col-md-6\">\n\n                                    <div class=\"elementskit-post-image-card\">\n                        <div class=\"elementskit-entry-header\">\n                                                            <a href=\"https:\/\/www.ctalboraneventos.es\/en\/iii-grand-slam-open-moratalaz\/\" class=\"elementskit-entry-thumb\">\n                                    <img decoding=\"async\" src=\"https:\/\/www.ctalboraneventos.es\/wp-content\/uploads\/2025\/11\/Cartel_III_torneo_de_tenis_Grand_slam_Open_Moratalaz.jpg\" alt=\"III Grand Slam Open Moratalaz\">\n                                <\/a><!-- .elementskit-entry-thumb END -->\n                                                            \n                                                            <div class=\"elementskit-meta-categories\">\n                                    <span class=\"elementskit-meta-wraper\">\n                                        <span><a href=\"https:\/\/www.ctalboraneventos.es\/en\/secciones\/torneos-finalizados\/\" rel=\"category tag\">Tournaments completed<\/a><\/span>\n                                    <\/span>\n                                <\/div>\n                            \n\t\t\t\t\t\t\t\t\t\t\t\t\t<\/div><!-- .elementskit-entry-header END -->\n\n\t\t\t\t\t\t<div class=\"elementskit-post-body\">\n\t\t\t\t\t\t\t\n\t\t\t\t\t\t\t\t\t\t\t\t\t\t\t\t\t\t\t\t\t\t\t\t\t\n\t\t\t\t\t\t\t\t\n\t\t\t\t\t\t\t\t\t\t\t\t\t\t\t\t\t\t\t\t\t<h2 class=\"entry-title\">\n\t\t\t\t\t<a href=\"https:\/\/www.ctalboraneventos.es\/en\/iii-grand-slam-open-moratalaz\/\">\n\t\t\t\t\t\tIII Grand Slam Open Moratalaz\t\t\t\t\t<\/a>\n\t\t\t\t<\/h2>\n\t\t\t\t\t\t\t\t\t\t\t\t\t\t\t\t\t\t\t\t\t\t\t\t\t\t\t\t\t\t\t\t                                                    <\/div><!-- .elementskit-post-body END -->\n                    <\/div>\n                \n            <\/div>\n                <\/div>\n       <\/div>\t\t\t\t<\/div>\n\t\t\t\t<\/div>\n\t\t\t\t\t<\/div>\n\t\t<\/div>\n\t\t\t\t\t<\/div>\n\t\t<\/section>\n\t\t\t\t<\/div>","protected":false},"excerpt":{"rendered":"<p>Actividades Torneos en curso Torneos en curso CONCURSO DE PINTURA \u2013 25\u00ba ANIVERSARIO C.T. ALBOR\u00c1N Pr\u00f3ximos torneos Pr\u00f3ximos torneos III Torneo Vintage Pr\u00f3ximos torneos Torneo Trial 25 aniversario TORNEOS Finalizados Torneos finalizados III Grand Slam Open Moratalaz<\/p>","protected":false},"author":1,"featured_media":0,"parent":0,"menu_order":3,"comment_status":"closed","ping_status":"closed","template":"","meta":{"_joinchat":[],"footnotes":""},"class_list":["post-427","page","type-page","status-publish","hentry"],"yoast_head":"<!-- This site is optimized with the Yoast SEO plugin v27.4 - https:\/\/yoast.com\/product\/yoast-seo-wordpress\/ -->\n<title>Actividades - 25 ANIVERSARIO CLUB DE TENIS ALBORAN<\/title>\n<meta name=\"description\" content=\"Programa de actividades del 25 aniversario del Club de Tenis Albor\u00e1n: torneos, exhibiciones y encuentros inolvidables.\" \/>\n<meta name=\"robots\" content=\"index, follow, max-snippet:-1, max-image-preview:large, max-video-preview:-1\" \/>\n<link rel=\"canonical\" href=\"https:\/\/www.ctalboraneventos.es\/en\/actividades\/\" \/>\n<meta property=\"og:locale\" content=\"en_US\" \/>\n<meta property=\"og:type\" content=\"article\" \/>\n<meta property=\"og:title\" content=\"Actividades - 25 ANIVERSARIO CLUB DE TENIS ALBORAN\" \/>\n<meta property=\"og:description\" content=\"Programa de actividades del 25 aniversario del Club de Tenis Albor\u00e1n: torneos, exhibiciones y encuentros inolvidables.\" \/>\n<meta property=\"og:url\" content=\"https:\/\/www.ctalboraneventos.es\/en\/actividades\/\" \/>\n<meta property=\"og:site_name\" content=\"25 ANIVERSARIO CLUB DE TENIS ALBORAN\" \/>\n<meta property=\"article:publisher\" content=\"https:\/\/www.facebook.com\/clubtenisalboran\" \/>\n<meta property=\"article:modified_time\" content=\"2026-03-14T09:05:22+00:00\" \/>\n<meta property=\"og:image\" content=\"https:\/\/www.ctalboraneventos.es\/wp-content\/uploads\/2026\/03\/concurso_de_pintura.jpeg\" \/>\n<meta name=\"twitter:card\" content=\"summary_large_image\" \/>\n<script type=\"application\/ld+json\" class=\"yoast-schema-graph\">{\"@context\":\"https:\\\/\\\/schema.org\",\"@graph\":[{\"@type\":\"WebPage\",\"@id\":\"https:\\\/\\\/www.ctalboraneventos.es\\\/actividades\\\/\",\"url\":\"https:\\\/\\\/www.ctalboraneventos.es\\\/actividades\\\/\",\"name\":\"Actividades - 25 ANIVERSARIO CLUB DE TENIS ALBORAN\",\"isPartOf\":{\"@id\":\"https:\\\/\\\/www.ctalboraneventos.es\\\/#website\"},\"primaryImageOfPage\":{\"@id\":\"https:\\\/\\\/www.ctalboraneventos.es\\\/actividades\\\/#primaryimage\"},\"image\":{\"@id\":\"https:\\\/\\\/www.ctalboraneventos.es\\\/actividades\\\/#primaryimage\"},\"thumbnailUrl\":\"https:\\\/\\\/www.ctalboraneventos.es\\\/wp-content\\\/uploads\\\/2026\\\/03\\\/concurso_de_pintura.jpeg\",\"datePublished\":\"2025-11-05T08:05:47+00:00\",\"dateModified\":\"2026-03-14T09:05:22+00:00\",\"description\":\"Programa de actividades del 25 aniversario del Club de Tenis Albor\u00e1n: torneos, exhibiciones y encuentros inolvidables.\",\"breadcrumb\":{\"@id\":\"https:\\\/\\\/www.ctalboraneventos.es\\\/actividades\\\/#breadcrumb\"},\"inLanguage\":\"en-US\",\"potentialAction\":[{\"@type\":\"ReadAction\",\"target\":[\"https:\\\/\\\/www.ctalboraneventos.es\\\/actividades\\\/\"]}]},{\"@type\":\"ImageObject\",\"inLanguage\":\"en-US\",\"@id\":\"https:\\\/\\\/www.ctalboraneventos.es\\\/actividades\\\/#primaryimage\",\"url\":\"https:\\\/\\\/www.ctalboraneventos.es\\\/wp-content\\\/uploads\\\/2026\\\/03\\\/concurso_de_pintura.jpeg\",\"contentUrl\":\"https:\\\/\\\/www.ctalboraneventos.es\\\/wp-content\\\/uploads\\\/2026\\\/03\\\/concurso_de_pintura.jpeg\"},{\"@type\":\"BreadcrumbList\",\"@id\":\"https:\\\/\\\/www.ctalboraneventos.es\\\/actividades\\\/#breadcrumb\",\"itemListElement\":[{\"@type\":\"ListItem\",\"position\":1,\"name\":\"Inicio\",\"item\":\"https:\\\/\\\/www.ctalboraneventos.es\\\/\"},{\"@type\":\"ListItem\",\"position\":2,\"name\":\"Actividades\"}]},{\"@type\":\"WebSite\",\"@id\":\"https:\\\/\\\/www.ctalboraneventos.es\\\/#website\",\"url\":\"https:\\\/\\\/www.ctalboraneventos.es\\\/\",\"name\":\"25 ANIVERSARIO CLUB DE TENIS ALBORAN\",\"description\":\"celebracion, aniversario, club de tenis Albor\u00e1n.\",\"publisher\":{\"@id\":\"https:\\\/\\\/www.ctalboraneventos.es\\\/#organization\"},\"potentialAction\":[{\"@type\":\"SearchAction\",\"target\":{\"@type\":\"EntryPoint\",\"urlTemplate\":\"https:\\\/\\\/www.ctalboraneventos.es\\\/?s={search_term_string}\"},\"query-input\":{\"@type\":\"PropertyValueSpecification\",\"valueRequired\":true,\"valueName\":\"search_term_string\"}}],\"inLanguage\":\"en-US\"},{\"@type\":\"Organization\",\"@id\":\"https:\\\/\\\/www.ctalboraneventos.es\\\/#organization\",\"name\":\"25 ANIVERSARIO CLUB DE TENIS ALBORAN\",\"url\":\"https:\\\/\\\/www.ctalboraneventos.es\\\/\",\"logo\":{\"@type\":\"ImageObject\",\"inLanguage\":\"en-US\",\"@id\":\"https:\\\/\\\/www.ctalboraneventos.es\\\/#\\\/schema\\\/logo\\\/image\\\/\",\"url\":\"https:\\\/\\\/www.ctalboraneventos.es\\\/wp-content\\\/uploads\\\/2025\\\/11\\\/25-aniversario-logo-transparente-fcf1bc8f2a0b2c7dd8b9f173cc6d7a1b.png\",\"contentUrl\":\"https:\\\/\\\/www.ctalboraneventos.es\\\/wp-content\\\/uploads\\\/2025\\\/11\\\/25-aniversario-logo-transparente-fcf1bc8f2a0b2c7dd8b9f173cc6d7a1b.png\",\"width\":665,\"height\":375,\"caption\":\"25 ANIVERSARIO CLUB DE TENIS ALBORAN\"},\"image\":{\"@id\":\"https:\\\/\\\/www.ctalboraneventos.es\\\/#\\\/schema\\\/logo\\\/image\\\/\"},\"sameAs\":[\"https:\\\/\\\/www.facebook.com\\\/clubtenisalboran\",\"https:\\\/\\\/www.instagram.com\\\/ctalboran\\\/\"]}]}<\/script>\n<!-- \/ Yoast SEO plugin. -->","yoast_head_json":{"title":"Activities - 25th Anniversary of the Alboran Tennis Club","description":"Program of activities for the 25th anniversary of the Albor\u00e1n Tennis Club: tournaments, exhibitions and unforgettable encounters.","robots":{"index":"index","follow":"follow","max-snippet":"max-snippet:-1","max-image-preview":"max-image-preview:large","max-video-preview":"max-video-preview:-1"},"canonical":"https:\/\/www.ctalboraneventos.es\/en\/actividades\/","og_locale":"en_US","og_type":"article","og_title":"Actividades - 25 ANIVERSARIO CLUB DE TENIS ALBORAN","og_description":"Programa de actividades del 25 aniversario del Club de Tenis Albor\u00e1n: torneos, exhibiciones y encuentros inolvidables.","og_url":"https:\/\/www.ctalboraneventos.es\/en\/actividades\/","og_site_name":"25 ANIVERSARIO CLUB DE TENIS ALBORAN","article_publisher":"https:\/\/www.facebook.com\/clubtenisalboran","article_modified_time":"2026-03-14T09:05:22+00:00","og_image":[{"url":"https:\/\/www.ctalboraneventos.es\/wp-content\/uploads\/2026\/03\/concurso_de_pintura.jpeg","type":"","width":"","height":""}],"twitter_card":"summary_large_image","schema":{"@context":"https:\/\/schema.org","@graph":[{"@type":"WebPage","@id":"https:\/\/www.ctalboraneventos.es\/actividades\/","url":"https:\/\/www.ctalboraneventos.es\/actividades\/","name":"Activities - 25th Anniversary of the Alboran Tennis Club","isPartOf":{"@id":"https:\/\/www.ctalboraneventos.es\/#website"},"primaryImageOfPage":{"@id":"https:\/\/www.ctalboraneventos.es\/actividades\/#primaryimage"},"image":{"@id":"https:\/\/www.ctalboraneventos.es\/actividades\/#primaryimage"},"thumbnailUrl":"https:\/\/www.ctalboraneventos.es\/wp-content\/uploads\/2026\/03\/concurso_de_pintura.jpeg","datePublished":"2025-11-05T08:05:47+00:00","dateModified":"2026-03-14T09:05:22+00:00","description":"Program of activities for the 25th anniversary of the Albor\u00e1n Tennis Club: tournaments, exhibitions and unforgettable encounters.","breadcrumb":{"@id":"https:\/\/www.ctalboraneventos.es\/actividades\/#breadcrumb"},"inLanguage":"en-US","potentialAction":[{"@type":"ReadAction","target":["https:\/\/www.ctalboraneventos.es\/actividades\/"]}]},{"@type":"ImageObject","inLanguage":"en-US","@id":"https:\/\/www.ctalboraneventos.es\/actividades\/#primaryimage","url":"https:\/\/www.ctalboraneventos.es\/wp-content\/uploads\/2026\/03\/concurso_de_pintura.jpeg","contentUrl":"https:\/\/www.ctalboraneventos.es\/wp-content\/uploads\/2026\/03\/concurso_de_pintura.jpeg"},{"@type":"BreadcrumbList","@id":"https:\/\/www.ctalboraneventos.es\/actividades\/#breadcrumb","itemListElement":[{"@type":"ListItem","position":1,"name":"Inicio","item":"https:\/\/www.ctalboraneventos.es\/"},{"@type":"ListItem","position":2,"name":"Actividades"}]},{"@type":"WebSite","@id":"https:\/\/www.ctalboraneventos.es\/#website","url":"https:\/\/www.ctalboraneventos.es\/","name":"25th Anniversary of the Alboran Tennis Club","description":"celebration, anniversary, Albor\u00e1n tennis club.","publisher":{"@id":"https:\/\/www.ctalboraneventos.es\/#organization"},"potentialAction":[{"@type":"SearchAction","target":{"@type":"EntryPoint","urlTemplate":"https:\/\/www.ctalboraneventos.es\/?s={search_term_string}"},"query-input":{"@type":"PropertyValueSpecification","valueRequired":true,"valueName":"search_term_string"}}],"inLanguage":"en-US"},{"@type":"Organization","@id":"https:\/\/www.ctalboraneventos.es\/#organization","name":"25th Anniversary of the Alboran Tennis Club","url":"https:\/\/www.ctalboraneventos.es\/","logo":{"@type":"ImageObject","inLanguage":"en-US","@id":"https:\/\/www.ctalboraneventos.es\/#\/schema\/logo\/image\/","url":"https:\/\/www.ctalboraneventos.es\/wp-content\/uploads\/2025\/11\/25-aniversario-logo-transparente-fcf1bc8f2a0b2c7dd8b9f173cc6d7a1b.png","contentUrl":"https:\/\/www.ctalboraneventos.es\/wp-content\/uploads\/2025\/11\/25-aniversario-logo-transparente-fcf1bc8f2a0b2c7dd8b9f173cc6d7a1b.png","width":665,"height":375,"caption":"25 ANIVERSARIO CLUB DE TENIS ALBORAN"},"image":{"@id":"https:\/\/www.ctalboraneventos.es\/#\/schema\/logo\/image\/"},"sameAs":["https:\/\/www.facebook.com\/clubtenisalboran","https:\/\/www.instagram.com\/ctalboran\/"]}]}},"_links":{"self":[{"href":"https:\/\/www.ctalboraneventos.es\/en\/wp-json\/wp\/v2\/pages\/427","targetHints":{"allow":["GET"]}}],"collection":[{"href":"https:\/\/www.ctalboraneventos.es\/en\/wp-json\/wp\/v2\/pages"}],"about":[{"href":"https:\/\/www.ctalboraneventos.es\/en\/wp-json\/wp\/v2\/types\/page"}],"author":[{"embeddable":true,"href":"https:\/\/www.ctalboraneventos.es\/en\/wp-json\/wp\/v2\/users\/1"}],"replies":[{"embeddable":true,"href":"https:\/\/www.ctalboraneventos.es\/en\/wp-json\/wp\/v2\/comments?post=427"}],"version-history":[{"count":45,"href":"https:\/\/www.ctalboraneventos.es\/en\/wp-json\/wp\/v2\/pages\/427\/revisions"}],"predecessor-version":[{"id":904,"href":"https:\/\/www.ctalboraneventos.es\/en\/wp-json\/wp\/v2\/pages\/427\/revisions\/904"}],"wp:attachment":[{"href":"https:\/\/www.ctalboraneventos.es\/en\/wp-json\/wp\/v2\/media?parent=427"}],"curies":[{"name":"wp","href":"https:\/\/api.w.org\/{rel}","templated":true}]}}