{"id":421,"date":"2025-11-05T09:05:07","date_gmt":"2025-11-05T08:05:07","guid":{"rendered":"https:\/\/www.ctalboraneventos.es\/?page_id=421"},"modified":"2026-02-09T11:15:38","modified_gmt":"2026-02-09T10:15:38","slug":"inicio","status":"publish","type":"page","link":"https:\/\/www.ctalboraneventos.es\/en\/","title":{"rendered":"Home"},"content":{"rendered":"<div data-elementor-type=\"wp-page\" data-elementor-id=\"421\" class=\"elementor elementor-421\" data-elementor-post-type=\"page\">\n\t\t\t\t\t\t<section class=\"elementor-section elementor-top-section elementor-element elementor-element-67236709 elementor-section-full_width elementor-section-height-default elementor-section-height-default\" data-id=\"67236709\" data-element_type=\"section\" data-e-type=\"section\">\n\t\t\t\t\t\t<div class=\"elementor-container elementor-column-gap-default\">\n\t\t\t\t\t<div class=\"elementor-column elementor-col-100 elementor-top-column elementor-element elementor-element-4257bc2f\" data-id=\"4257bc2f\" data-element_type=\"column\" data-e-type=\"column\">\n\t\t\t<div class=\"elementor-widget-wrap elementor-element-populated\">\n\t\t\t\t\t\t<div class=\"elementor-element elementor-element-d33bc35 elementor-widget elementor-widget-image\" data-id=\"d33bc35\" data-element_type=\"widget\" data-e-type=\"widget\" data-widget_type=\"image.default\">\n\t\t\t\t<div class=\"elementor-widget-container\">\n\t\t\t\t\t\t\t\t\t\t\t\t\t\t\t<img fetchpriority=\"high\" decoding=\"async\" width=\"1920\" height=\"1080\" src=\"https:\/\/www.ctalboraneventos.es\/wp-content\/uploads\/2026\/02\/torneo_tre_raquetas.jpg\" class=\"attachment-full size-full wp-image-876\" alt=\"\" srcset=\"https:\/\/www.ctalboraneventos.es\/wp-content\/uploads\/2026\/02\/torneo_tre_raquetas.jpg 1920w, https:\/\/www.ctalboraneventos.es\/wp-content\/uploads\/2026\/02\/torneo_tre_raquetas-300x169.jpg 300w, https:\/\/www.ctalboraneventos.es\/wp-content\/uploads\/2026\/02\/torneo_tre_raquetas-1024x576.jpg 1024w, https:\/\/www.ctalboraneventos.es\/wp-content\/uploads\/2026\/02\/torneo_tre_raquetas-768x432.jpg 768w, https:\/\/www.ctalboraneventos.es\/wp-content\/uploads\/2026\/02\/torneo_tre_raquetas-1536x864.jpg 1536w, https:\/\/www.ctalboraneventos.es\/wp-content\/uploads\/2026\/02\/torneo_tre_raquetas-18x10.jpg 18w\" sizes=\"(max-width: 1920px) 100vw, 1920px\" \/>\t\t\t\t\t\t\t\t\t\t\t\t\t\t\t<\/div>\n\t\t\t\t<\/div>\n\t\t\t\t\t<\/div>\n\t\t<\/div>\n\t\t\t\t\t<\/div>\n\t\t<\/section>\n\t\t\t\t<section class=\"elementor-section elementor-top-section elementor-element elementor-element-2e20bd9 elementor-section-boxed elementor-section-height-default elementor-section-height-default elementor-invisible\" data-id=\"2e20bd9\" data-element_type=\"section\" data-e-type=\"section\" data-settings=\"{&quot;animation&quot;:&quot;fadeIn&quot;,&quot;background_background&quot;:&quot;classic&quot;}\">\n\t\t\t\t\t\t<div class=\"elementor-container elementor-column-gap-default\">\n\t\t\t\t\t<div class=\"elementor-column elementor-col-100 elementor-top-column elementor-element elementor-element-6fa0089e\" data-id=\"6fa0089e\" data-element_type=\"column\" data-e-type=\"column\">\n\t\t\t<div class=\"elementor-widget-wrap elementor-element-populated\">\n\t\t\t\t\t\t<div class=\"elementor-element elementor-element-5a83c34b elementor-invisible elementor-widget elementor-widget-heading\" data-id=\"5a83c34b\" data-element_type=\"widget\" data-e-type=\"widget\" data-settings=\"{&quot;_animation&quot;:&quot;fadeInUp&quot;}\" data-widget_type=\"heading.default\">\n\t\t\t\t<div class=\"elementor-widget-container\">\n\t\t\t\t\t<h1 class=\"elementor-heading-title elementor-size-default\">CT Albor\u00e1n<\/h1>\t\t\t\t<\/div>\n\t\t\t\t<\/div>\n\t\t\t\t<div class=\"elementor-element elementor-element-300a5f6 elementor-invisible elementor-widget elementor-widget-heading\" data-id=\"300a5f6\" data-element_type=\"widget\" data-e-type=\"widget\" data-settings=\"{&quot;_animation&quot;:&quot;fadeInUp&quot;}\" data-widget_type=\"heading.default\">\n\t\t\t\t<div class=\"elementor-widget-container\">\n\t\t\t\t\t<h2 class=\"elementor-heading-title elementor-size-default\">25 years of passion for tennis<\/h2>\t\t\t\t<\/div>\n\t\t\t\t<\/div>\n\t\t\t\t<div class=\"elementor-element elementor-element-2bda1a80 elementor-invisible elementor-widget elementor-widget-text-editor\" data-id=\"2bda1a80\" data-element_type=\"widget\" data-e-type=\"widget\" data-settings=\"{&quot;_animation&quot;:&quot;fadeInUp&quot;}\" data-widget_type=\"text-editor.default\">\n\t\t\t\t<div class=\"elementor-widget-container\">\n\t\t\t\t\t\t\t\t\t<p class=\"p1\">From its inception, the Club has been a true meeting point for generations of players, families, and friends united by a shared passion. Over more than two decades, it has established itself as an undisputed benchmark for tennis in Madrid and throughout Spain.<\/p><p>Its greatest achievement has been maintaining, year after year, a firm commitment to training, competition, and the promotion of sport. Thanks to this, it has fostered youth talent, encouraged the participation of veteran players, and opened its doors to new disciplines such as pickleball, thus enriching its sporting and social legacy.<\/p>\t\t\t\t\t\t\t\t<\/div>\n\t\t\t\t<\/div>\n\t\t\t\t<div class=\"elementor-element elementor-element-27b8abbd elementor-widget__width-initial elementor-absolute elementor-view-default elementor-invisible elementor-widget elementor-widget-icon\" data-id=\"27b8abbd\" data-element_type=\"widget\" data-e-type=\"widget\" data-settings=\"{&quot;_animation&quot;:&quot;fadeInRight&quot;,&quot;_position&quot;:&quot;absolute&quot;}\" data-widget_type=\"icon.default\">\n\t\t\t\t<div class=\"elementor-widget-container\">\n\t\t\t\t\t\t\t<div class=\"elementor-icon-wrapper\">\n\t\t\t<div class=\"elementor-icon\">\n\t\t\t<i aria-hidden=\"true\" class=\"dticon dticon-tennisball-outline\"><\/i>\t\t\t<\/div>\n\t\t<\/div>\n\t\t\t\t\t\t<\/div>\n\t\t\t\t<\/div>\n\t\t\t\t\t<\/div>\n\t\t<\/div>\n\t\t\t\t\t<\/div>\n\t\t<\/section>\n\t\t\t\t<section class=\"elementor-section elementor-top-section elementor-element elementor-element-2629a01 elementor-section-full_width elementor-section-height-default elementor-section-height-default\" data-id=\"2629a01\" data-element_type=\"section\" data-e-type=\"section\">\n\t\t\t\t\t\t<div class=\"elementor-container elementor-column-gap-default\">\n\t\t\t\t\t<div class=\"elementor-column elementor-col-100 elementor-top-column elementor-element elementor-element-48358f5\" data-id=\"48358f5\" data-element_type=\"column\" data-e-type=\"column\">\n\t\t\t<div class=\"elementor-widget-wrap elementor-element-populated\">\n\t\t\t\t\t\t<div class=\"elementor-element elementor-element-233664d elementor-widget elementor-widget-image\" data-id=\"233664d\" data-element_type=\"widget\" data-e-type=\"widget\" data-widget_type=\"image.default\">\n\t\t\t\t<div class=\"elementor-widget-container\">\n\t\t\t\t\t\t\t\t\t\t\t\t\t\t\t<img decoding=\"async\" width=\"1920\" height=\"1080\" src=\"https:\/\/www.ctalboraneventos.es\/wp-content\/uploads\/2025\/12\/portada_web.jpg\" class=\"attachment-full size-full wp-image-698\" alt=\"\" srcset=\"https:\/\/www.ctalboraneventos.es\/wp-content\/uploads\/2025\/12\/portada_web.jpg 1920w, https:\/\/www.ctalboraneventos.es\/wp-content\/uploads\/2025\/12\/portada_web-300x169.jpg 300w, https:\/\/www.ctalboraneventos.es\/wp-content\/uploads\/2025\/12\/portada_web-1024x576.jpg 1024w, https:\/\/www.ctalboraneventos.es\/wp-content\/uploads\/2025\/12\/portada_web-768x432.jpg 768w, https:\/\/www.ctalboraneventos.es\/wp-content\/uploads\/2025\/12\/portada_web-1536x864.jpg 1536w, https:\/\/www.ctalboraneventos.es\/wp-content\/uploads\/2025\/12\/portada_web-18x10.jpg 18w\" sizes=\"(max-width: 1920px) 100vw, 1920px\" \/>\t\t\t\t\t\t\t\t\t\t\t\t\t\t\t<\/div>\n\t\t\t\t<\/div>\n\t\t\t\t\t<\/div>\n\t\t<\/div>\n\t\t\t\t\t<\/div>\n\t\t<\/section>\n\t\t\t\t<section class=\"elementor-section elementor-top-section elementor-element elementor-element-9c9d040 elementor-section-height-min-height elementor-section-boxed elementor-section-height-default elementor-section-items-middle\" data-id=\"9c9d040\" data-element_type=\"section\" data-e-type=\"section\" data-settings=\"{&quot;background_background&quot;:&quot;classic&quot;}\">\n\t\t\t\t\t\t\t<div class=\"elementor-background-overlay\"><\/div>\n\t\t\t\t\t\t\t<div class=\"elementor-container elementor-column-gap-default\">\n\t\t\t\t\t<div class=\"elementor-column elementor-col-25 elementor-top-column elementor-element elementor-element-278ba8bf elementor-invisible\" data-id=\"278ba8bf\" data-element_type=\"column\" data-e-type=\"column\" data-settings=\"{&quot;animation&quot;:&quot;fadeIn&quot;}\">\n\t\t\t<div class=\"elementor-widget-wrap\">\n\t\t\t\t\t\t\t<\/div>\n\t\t<\/div>\n\t\t\t\t<div class=\"elementor-column elementor-col-25 elementor-top-column elementor-element elementor-element-6258b0e1 elementor-invisible\" data-id=\"6258b0e1\" data-element_type=\"column\" data-e-type=\"column\" data-settings=\"{&quot;animation&quot;:&quot;fadeIn&quot;}\">\n\t\t\t<div class=\"elementor-widget-wrap\">\n\t\t\t\t\t\t\t<\/div>\n\t\t<\/div>\n\t\t\t\t<div class=\"elementor-column elementor-col-25 elementor-top-column elementor-element elementor-element-2405d150 elementor-invisible\" data-id=\"2405d150\" data-element_type=\"column\" data-e-type=\"column\" data-settings=\"{&quot;animation&quot;:&quot;fadeIn&quot;}\">\n\t\t\t<div class=\"elementor-widget-wrap\">\n\t\t\t\t\t\t\t<\/div>\n\t\t<\/div>\n\t\t\t\t<div class=\"elementor-column elementor-col-25 elementor-top-column elementor-element elementor-element-243b7302\" data-id=\"243b7302\" data-element_type=\"column\" data-e-type=\"column\">\n\t\t\t<div class=\"elementor-widget-wrap\">\n\t\t\t\t\t\t\t<\/div>\n\t\t<\/div>\n\t\t\t\t\t<\/div>\n\t\t<\/section>\n\t\t\t\t<\/div>","protected":false},"excerpt":{"rendered":"<p>C.T. Albor\u00e1n 25 a\u00f1os de pasi\u00f3n por el tenis Desde sus or\u00edgenes, el Club ha sido un verdadero punto de encuentro para generaciones de jugadores, familias y amigos unidos por una misma pasi\u00f3n. A lo largo de m\u00e1s de dos d\u00e9cadas de historia, se ha consolidado como un referente indiscutible del tenis madrile\u00f1o y nacional. [&hellip;]<\/p>\n","protected":false},"author":1,"featured_media":0,"parent":0,"menu_order":1,"comment_status":"closed","ping_status":"closed","template":"","meta":{"_joinchat":[],"footnotes":""},"class_list":["post-421","page","type-page","status-publish","hentry"],"yoast_head":"<!-- This site is optimized with the Yoast SEO plugin v27.4 - https:\/\/yoast.com\/product\/yoast-seo-wordpress\/ -->\n<title>25 ANIVERSARIO CLUB DE TENIS ALBORAN<\/title>\n<meta name=\"description\" content=\"25 Aniversario Club de Tenis Albor\u00e1n | Celebraci\u00f3n y actividades 2025\" \/>\n<meta name=\"robots\" content=\"index, follow, max-snippet:-1, max-image-preview:large, max-video-preview:-1\" \/>\n<link rel=\"canonical\" href=\"https:\/\/www.ctalboraneventos.es\/en\/\" \/>\n<meta property=\"og:locale\" content=\"en_US\" \/>\n<meta property=\"og:type\" content=\"article\" \/>\n<meta property=\"og:title\" content=\"25 ANIVERSARIO CLUB DE TENIS ALBORAN\" \/>\n<meta property=\"og:description\" content=\"25 Aniversario Club de Tenis Albor\u00e1n | Celebraci\u00f3n y actividades 2025\" \/>\n<meta property=\"og:url\" content=\"https:\/\/www.ctalboraneventos.es\/en\/\" \/>\n<meta property=\"og:site_name\" content=\"25 ANIVERSARIO CLUB DE TENIS ALBORAN\" \/>\n<meta property=\"article:publisher\" content=\"https:\/\/www.facebook.com\/clubtenisalboran\" \/>\n<meta property=\"article:modified_time\" content=\"2026-02-09T10:15:38+00:00\" \/>\n<meta property=\"og:image\" content=\"https:\/\/www.ctalboraneventos.es\/wp-content\/uploads\/2026\/02\/torneo_tre_raquetas.jpg\" \/>\n\t<meta property=\"og:image:width\" content=\"1920\" \/>\n\t<meta property=\"og:image:height\" content=\"1080\" \/>\n\t<meta property=\"og:image:type\" content=\"image\/jpeg\" \/>\n<meta name=\"twitter:card\" content=\"summary_large_image\" \/>\n<script type=\"application\/ld+json\" class=\"yoast-schema-graph\">{\"@context\":\"https:\\\/\\\/schema.org\",\"@graph\":[{\"@type\":\"WebPage\",\"@id\":\"https:\\\/\\\/www.ctalboraneventos.es\\\/\",\"url\":\"https:\\\/\\\/www.ctalboraneventos.es\\\/\",\"name\":\"25 ANIVERSARIO CLUB DE TENIS ALBORAN\",\"isPartOf\":{\"@id\":\"https:\\\/\\\/www.ctalboraneventos.es\\\/#website\"},\"primaryImageOfPage\":{\"@id\":\"https:\\\/\\\/www.ctalboraneventos.es\\\/#primaryimage\"},\"image\":{\"@id\":\"https:\\\/\\\/www.ctalboraneventos.es\\\/#primaryimage\"},\"thumbnailUrl\":\"https:\\\/\\\/www.ctalboraneventos.es\\\/wp-content\\\/uploads\\\/2026\\\/02\\\/torneo_tre_raquetas.jpg\",\"datePublished\":\"2025-11-05T08:05:07+00:00\",\"dateModified\":\"2026-02-09T10:15:38+00:00\",\"description\":\"25 Aniversario Club de Tenis Albor\u00e1n | Celebraci\u00f3n y actividades 2025\",\"breadcrumb\":{\"@id\":\"https:\\\/\\\/www.ctalboraneventos.es\\\/#breadcrumb\"},\"inLanguage\":\"en-US\",\"potentialAction\":[{\"@type\":\"ReadAction\",\"target\":[\"https:\\\/\\\/www.ctalboraneventos.es\\\/\"]}]},{\"@type\":\"ImageObject\",\"inLanguage\":\"en-US\",\"@id\":\"https:\\\/\\\/www.ctalboraneventos.es\\\/#primaryimage\",\"url\":\"https:\\\/\\\/www.ctalboraneventos.es\\\/wp-content\\\/uploads\\\/2026\\\/02\\\/torneo_tre_raquetas.jpg\",\"contentUrl\":\"https:\\\/\\\/www.ctalboraneventos.es\\\/wp-content\\\/uploads\\\/2026\\\/02\\\/torneo_tre_raquetas.jpg\"},{\"@type\":\"BreadcrumbList\",\"@id\":\"https:\\\/\\\/www.ctalboraneventos.es\\\/#breadcrumb\",\"itemListElement\":[{\"@type\":\"ListItem\",\"position\":1,\"name\":\"Inicio\",\"item\":\"https:\\\/\\\/www.ctalboraneventos.es\\\/\"},{\"@type\":\"ListItem\",\"position\":2,\"name\":\"Inicio\"}]},{\"@type\":\"WebSite\",\"@id\":\"https:\\\/\\\/www.ctalboraneventos.es\\\/#website\",\"url\":\"https:\\\/\\\/www.ctalboraneventos.es\\\/\",\"name\":\"25 ANIVERSARIO CLUB DE TENIS ALBORAN\",\"description\":\"celebracion, aniversario, club de tenis Albor\u00e1n.\",\"publisher\":{\"@id\":\"https:\\\/\\\/www.ctalboraneventos.es\\\/#organization\"},\"potentialAction\":[{\"@type\":\"SearchAction\",\"target\":{\"@type\":\"EntryPoint\",\"urlTemplate\":\"https:\\\/\\\/www.ctalboraneventos.es\\\/?s={search_term_string}\"},\"query-input\":{\"@type\":\"PropertyValueSpecification\",\"valueRequired\":true,\"valueName\":\"search_term_string\"}}],\"inLanguage\":\"en-US\"},{\"@type\":\"Organization\",\"@id\":\"https:\\\/\\\/www.ctalboraneventos.es\\\/#organization\",\"name\":\"25 ANIVERSARIO CLUB DE TENIS ALBORAN\",\"url\":\"https:\\\/\\\/www.ctalboraneventos.es\\\/\",\"logo\":{\"@type\":\"ImageObject\",\"inLanguage\":\"en-US\",\"@id\":\"https:\\\/\\\/www.ctalboraneventos.es\\\/#\\\/schema\\\/logo\\\/image\\\/\",\"url\":\"https:\\\/\\\/www.ctalboraneventos.es\\\/wp-content\\\/uploads\\\/2025\\\/11\\\/25-aniversario-logo-transparente-fcf1bc8f2a0b2c7dd8b9f173cc6d7a1b.png\",\"contentUrl\":\"https:\\\/\\\/www.ctalboraneventos.es\\\/wp-content\\\/uploads\\\/2025\\\/11\\\/25-aniversario-logo-transparente-fcf1bc8f2a0b2c7dd8b9f173cc6d7a1b.png\",\"width\":665,\"height\":375,\"caption\":\"25 ANIVERSARIO CLUB DE TENIS ALBORAN\"},\"image\":{\"@id\":\"https:\\\/\\\/www.ctalboraneventos.es\\\/#\\\/schema\\\/logo\\\/image\\\/\"},\"sameAs\":[\"https:\\\/\\\/www.facebook.com\\\/clubtenisalboran\",\"https:\\\/\\\/www.instagram.com\\\/ctalboran\\\/\"]}]}<\/script>\n<!-- \/ Yoast SEO plugin. -->","yoast_head_json":{"title":"25th Anniversary of the Alboran Tennis Club","description":"25th Anniversary Albor\u00e1n Tennis Club | Celebration and activities 2025","robots":{"index":"index","follow":"follow","max-snippet":"max-snippet:-1","max-image-preview":"max-image-preview:large","max-video-preview":"max-video-preview:-1"},"canonical":"https:\/\/www.ctalboraneventos.es\/en\/","og_locale":"en_US","og_type":"article","og_title":"25 ANIVERSARIO CLUB DE TENIS ALBORAN","og_description":"25 Aniversario Club de Tenis Albor\u00e1n | Celebraci\u00f3n y actividades 2025","og_url":"https:\/\/www.ctalboraneventos.es\/en\/","og_site_name":"25 ANIVERSARIO CLUB DE TENIS ALBORAN","article_publisher":"https:\/\/www.facebook.com\/clubtenisalboran","article_modified_time":"2026-02-09T10:15:38+00:00","og_image":[{"width":1920,"height":1080,"url":"https:\/\/www.ctalboraneventos.es\/wp-content\/uploads\/2026\/02\/torneo_tre_raquetas.jpg","type":"image\/jpeg"}],"twitter_card":"summary_large_image","schema":{"@context":"https:\/\/schema.org","@graph":[{"@type":"WebPage","@id":"https:\/\/www.ctalboraneventos.es\/","url":"https:\/\/www.ctalboraneventos.es\/","name":"25th Anniversary of the Alboran Tennis Club","isPartOf":{"@id":"https:\/\/www.ctalboraneventos.es\/#website"},"primaryImageOfPage":{"@id":"https:\/\/www.ctalboraneventos.es\/#primaryimage"},"image":{"@id":"https:\/\/www.ctalboraneventos.es\/#primaryimage"},"thumbnailUrl":"https:\/\/www.ctalboraneventos.es\/wp-content\/uploads\/2026\/02\/torneo_tre_raquetas.jpg","datePublished":"2025-11-05T08:05:07+00:00","dateModified":"2026-02-09T10:15:38+00:00","description":"25th Anniversary Albor\u00e1n Tennis Club | Celebration and activities 2025","breadcrumb":{"@id":"https:\/\/www.ctalboraneventos.es\/#breadcrumb"},"inLanguage":"en-US","potentialAction":[{"@type":"ReadAction","target":["https:\/\/www.ctalboraneventos.es\/"]}]},{"@type":"ImageObject","inLanguage":"en-US","@id":"https:\/\/www.ctalboraneventos.es\/#primaryimage","url":"https:\/\/www.ctalboraneventos.es\/wp-content\/uploads\/2026\/02\/torneo_tre_raquetas.jpg","contentUrl":"https:\/\/www.ctalboraneventos.es\/wp-content\/uploads\/2026\/02\/torneo_tre_raquetas.jpg"},{"@type":"BreadcrumbList","@id":"https:\/\/www.ctalboraneventos.es\/#breadcrumb","itemListElement":[{"@type":"ListItem","position":1,"name":"Inicio","item":"https:\/\/www.ctalboraneventos.es\/"},{"@type":"ListItem","position":2,"name":"Inicio"}]},{"@type":"WebSite","@id":"https:\/\/www.ctalboraneventos.es\/#website","url":"https:\/\/www.ctalboraneventos.es\/","name":"25th Anniversary of the Alboran Tennis Club","description":"celebration, anniversary, Albor\u00e1n tennis club.","publisher":{"@id":"https:\/\/www.ctalboraneventos.es\/#organization"},"potentialAction":[{"@type":"SearchAction","target":{"@type":"EntryPoint","urlTemplate":"https:\/\/www.ctalboraneventos.es\/?s={search_term_string}"},"query-input":{"@type":"PropertyValueSpecification","valueRequired":true,"valueName":"search_term_string"}}],"inLanguage":"en-US"},{"@type":"Organization","@id":"https:\/\/www.ctalboraneventos.es\/#organization","name":"25th Anniversary of the Alboran Tennis Club","url":"https:\/\/www.ctalboraneventos.es\/","logo":{"@type":"ImageObject","inLanguage":"en-US","@id":"https:\/\/www.ctalboraneventos.es\/#\/schema\/logo\/image\/","url":"https:\/\/www.ctalboraneventos.es\/wp-content\/uploads\/2025\/11\/25-aniversario-logo-transparente-fcf1bc8f2a0b2c7dd8b9f173cc6d7a1b.png","contentUrl":"https:\/\/www.ctalboraneventos.es\/wp-content\/uploads\/2025\/11\/25-aniversario-logo-transparente-fcf1bc8f2a0b2c7dd8b9f173cc6d7a1b.png","width":665,"height":375,"caption":"25 ANIVERSARIO CLUB DE TENIS ALBORAN"},"image":{"@id":"https:\/\/www.ctalboraneventos.es\/#\/schema\/logo\/image\/"},"sameAs":["https:\/\/www.facebook.com\/clubtenisalboran","https:\/\/www.instagram.com\/ctalboran\/"]}]}},"_links":{"self":[{"href":"https:\/\/www.ctalboraneventos.es\/en\/wp-json\/wp\/v2\/pages\/421","targetHints":{"allow":["GET"]}}],"collection":[{"href":"https:\/\/www.ctalboraneventos.es\/en\/wp-json\/wp\/v2\/pages"}],"about":[{"href":"https:\/\/www.ctalboraneventos.es\/en\/wp-json\/wp\/v2\/types\/page"}],"author":[{"embeddable":true,"href":"https:\/\/www.ctalboraneventos.es\/en\/wp-json\/wp\/v2\/users\/1"}],"replies":[{"embeddable":true,"href":"https:\/\/www.ctalboraneventos.es\/en\/wp-json\/wp\/v2\/comments?post=421"}],"version-history":[{"count":66,"href":"https:\/\/www.ctalboraneventos.es\/en\/wp-json\/wp\/v2\/pages\/421\/revisions"}],"predecessor-version":[{"id":882,"href":"https:\/\/www.ctalboraneventos.es\/en\/wp-json\/wp\/v2\/pages\/421\/revisions\/882"}],"wp:attachment":[{"href":"https:\/\/www.ctalboraneventos.es\/en\/wp-json\/wp\/v2\/media?parent=421"}],"curies":[{"name":"wp","href":"https:\/\/api.w.org\/{rel}","templated":true}]}}